{"id":214,"date":"2025-02-03T22:45:20","date_gmt":"2025-02-03T21:45:20","guid":{"rendered":"https:\/\/rivatoria-photoclub.fr\/?page_id=214"},"modified":"2025-02-27T22:33:01","modified_gmt":"2025-02-27T21:33:01","slug":"lionel-dumas","status":"publish","type":"page","link":"https:\/\/rivatoria-photoclub.fr\/index.php\/lionel-dumas\/","title":{"rendered":"Lionel DUMAS"},"content":{"rendered":"\n\n<div  id=\"jtg-468\" class=\"modula modula-gallery modula-columns\" data-config=\"{&quot;tabletHeight&quot;:800,&quot;mobileHeight&quot;:800,&quot;desktopHeight&quot;:800,&quot;enableTwitter&quot;:false,&quot;enableWhatsapp&quot;:false,&quot;enableFacebook&quot;:false,&quot;enablePinterest&quot;:false,&quot;enableLinkedin&quot;:false,&quot;enableEmail&quot;:false,&quot;randomFactor&quot;:0.5,&quot;type&quot;:&quot;grid&quot;,&quot;columns&quot;:12,&quot;gutter&quot;:10,&quot;mobileGutter&quot;:10,&quot;tabletGutter&quot;:10,&quot;desktopGutter&quot;:10,&quot;enableResponsive&quot;:&quot;0&quot;,&quot;tabletColumns&quot;:2,&quot;mobileColumns&quot;:1,&quot;lazyLoad&quot;:0,&quot;lightboxOpts&quot;:{&quot;animated&quot;:true,&quot;Thumbs&quot;:{&quot;type&quot;:&quot;modern&quot;,&quot;showOnStart&quot;:false},&quot;Toolbar&quot;:{&quot;display&quot;:{&quot;right&quot;:[&quot;close&quot;]},&quot;enabled&quot;:true},&quot;Carousel&quot;:{&quot;Panzoom&quot;:{&quot;touch&quot;:true},&quot;infinite&quot;:false},&quot;keyboard&quot;:{&quot;Escape&quot;:&quot;close&quot;,&quot;Delete&quot;:&quot;close&quot;,&quot;Backspace&quot;:&quot;close&quot;,&quot;PageUp&quot;:false,&quot;PageDown&quot;:false,&quot;ArrowUp&quot;:false,&quot;ArrowDown&quot;:false,&quot;ArrowRight&quot;:false,&quot;ArrowLeft&quot;:false},&quot;touch&quot;:false,&quot;backdropClick&quot;:false,&quot;l10n&quot;:{&quot;CLOSE&quot;:&quot;Close&quot;,&quot;NEXT&quot;:&quot;Next&quot;,&quot;PREV&quot;:&quot;Previous&quot;,&quot;Error&quot;:&quot;The requested content cannot be loaded. Please try again later.&quot;,&quot;PLAY_START&quot;:&quot;Start slideshow&quot;,&quot;PLAY_STOP&quot;:&quot;Pause slideshow&quot;,&quot;FULL_SCREEN&quot;:&quot;Full screen&quot;,&quot;THUMBS&quot;:&quot;Thumbnails&quot;,&quot;DOWNLOAD&quot;:&quot;Download&quot;,&quot;SHARE&quot;:&quot;Share&quot;,&quot;ZOOM&quot;:&quot;Zoom&quot;,&quot;EMAIL&quot;:&quot;Here is the link to the image : %%image_link%% and this is the link to the gallery : %%gallery_link%%&quot;,&quot;MODAL&quot;:&quot;You can close this modal content with the ESC key&quot;,&quot;ERROR&quot;:&quot;Something Went Wrong, Please Try Again Later&quot;,&quot;IMAGE_ERROR&quot;:&quot;Image Not Found&quot;,&quot;ELEMENT_NOT_FOUND&quot;:&quot;HTML Element Not Found&quot;,&quot;AJAX_NOT_FOUND&quot;:&quot;Error Loading AJAX : Not Found&quot;,&quot;AJAX_FORBIDDEN&quot;:&quot;Error Loading AJAX : Forbidden&quot;,&quot;IFRAME_ERROR&quot;:&quot;Error Loading Page&quot;,&quot;TOGGLE_ZOOM&quot;:&quot;Toggle zoom level&quot;,&quot;TOGGLE_THUMBS&quot;:&quot;Toggle thumbnails&quot;,&quot;TOGGLE_SLIDESHOW&quot;:&quot;Toggle slideshow&quot;,&quot;TOGGLE_FULLSCREEN&quot;:&quot;Toggle full-screen mode&quot;},&quot;Images&quot;:{&quot;Panzoom&quot;:{&quot;maxScale&quot;:2}},&quot;mainClass&quot;:&quot;modula-fancybox-container modula-lightbox-jtg-468&quot;,&quot;Html&quot;:{&quot;videoAutoplay&quot;:0,&quot;videoTpl&quot;:&quot;&lt;video class=\\&quot;fancybox__html5video\\&quot; controls muted playsinline controlsList controlsList=\\&quot;nodownload\\&quot; poster=\\&quot;{{poster}}\\&quot; src=\\&quot;{{src}}\\&quot; type=\\&quot;{{format}}\\&quot; &gt;  Sorry, your browser doesn&#039;t support embedded videos, &lt;a href=\\&quot;{{src}}\\&quot;&gt; download &lt;\\\/a&gt; and watch with your favorite video player! &lt;\\\/video&gt;&quot;}},&quot;inView&quot;:false,&quot;email_subject&quot;:&quot;Check out this awesome image !!&quot;,&quot;email_message&quot;:&quot;Here is the link to the image : %%image_link%% and this is the link to the gallery : %%gallery_link%%&quot;,&quot;grid_type&quot;:&quot;automatic&quot;,&quot;rowHeight&quot;:250,&quot;lastRow&quot;:&quot;center&quot;,&quot;lightbox&quot;:&quot;fancybox&quot;}\">\n\n\t\n\t<div  class=\"modula-items grid-gallery\">\n\t\t<div class=\"modula-item effect-pufrobo\" >\n\t<div class=\"modula-item-overlay\"><\/div>\n\n\t<div class=\"modula-item-content\">\n\n\t\t<a data-image-id=\"467\" role=\"button\" tabindex=\"0\" rel=\"jtg-468\" data-caption=\"\" aria-label=\"Open image in lightbox\" class=\"tile-inner modula-item-link\"><\/a><img alt=\"\" loading=\"lazy\" decoding=\"async\" class=\"pic wp-image-467\"  data-valign=\"middle\" data-halign=\"center\" alt=\"\" data-full=\"https:\/\/rivatoria-photoclub.fr\/wp-content\/uploads\/2025\/02\/unnamed02.jpg\" title=\"unnamed02\" crop=\"\" width=\"300\" height=\"200\" src=\"https:\/\/rivatoria-photoclub.fr\/wp-content\/uploads\/2025\/02\/unnamed02-300x200.jpg\" data-src=\"https:\/\/rivatoria-photoclub.fr\/wp-content\/uploads\/2025\/02\/unnamed02-300x200.jpg\" data-caption=\"\" srcset=\"https:\/\/rivatoria-photoclub.fr\/wp-content\/uploads\/2025\/02\/unnamed02.jpg 1920w, https:\/\/rivatoria-photoclub.fr\/wp-content\/uploads\/2025\/02\/unnamed02-300x200.jpg 300w, https:\/\/rivatoria-photoclub.fr\/wp-content\/uploads\/2025\/02\/unnamed02-1024x684.jpg 1024w, https:\/\/rivatoria-photoclub.fr\/wp-content\/uploads\/2025\/02\/unnamed02-768x513.jpg 768w, https:\/\/rivatoria-photoclub.fr\/wp-content\/uploads\/2025\/02\/unnamed02-1536x1026.jpg 1536w\" sizes=\"auto, (max-width: 300px) 100vw, 300px\" \/>\n\t\t<div class=\"figc no-description\">\n\t\t\t<div class=\"figc-inner\">\n\t\t\t\t\t\t\t\t\t\t\t\t\t\t\t<\/div>\n\t\t<\/div>\n\n\t<\/div>\n\n<\/div><div class=\"modula-item effect-pufrobo\" >\n\t<div class=\"modula-item-overlay\"><\/div>\n\n\t<div class=\"modula-item-content\">\n\n\t\t<a data-image-id=\"465\" role=\"button\" tabindex=\"0\" rel=\"jtg-468\" data-caption=\"\" aria-label=\"Open image in lightbox\" class=\"tile-inner modula-item-link\"><\/a><img alt=\"\" loading=\"lazy\" decoding=\"async\" class=\"pic wp-image-465\"  data-valign=\"middle\" data-halign=\"center\" alt=\"\" data-full=\"https:\/\/rivatoria-photoclub.fr\/wp-content\/uploads\/2025\/02\/unnamed-06.jpg\" title=\"unnamed 06\" crop=\"\" width=\"200\" height=\"300\" src=\"https:\/\/rivatoria-photoclub.fr\/wp-content\/uploads\/2025\/02\/unnamed-06-200x300.jpg\" data-src=\"https:\/\/rivatoria-photoclub.fr\/wp-content\/uploads\/2025\/02\/unnamed-06-200x300.jpg\" data-caption=\"\" srcset=\"https:\/\/rivatoria-photoclub.fr\/wp-content\/uploads\/2025\/02\/unnamed-06.jpg 1282w, https:\/\/rivatoria-photoclub.fr\/wp-content\/uploads\/2025\/02\/unnamed-06-200x300.jpg 200w, https:\/\/rivatoria-photoclub.fr\/wp-content\/uploads\/2025\/02\/unnamed-06-684x1024.jpg 684w, https:\/\/rivatoria-photoclub.fr\/wp-content\/uploads\/2025\/02\/unnamed-06-768x1150.jpg 768w, https:\/\/rivatoria-photoclub.fr\/wp-content\/uploads\/2025\/02\/unnamed-06-1026x1536.jpg 1026w\" sizes=\"auto, (max-width: 200px) 100vw, 200px\" \/>\n\t\t<div class=\"figc no-description\">\n\t\t\t<div class=\"figc-inner\">\n\t\t\t\t\t\t\t\t\t\t\t\t\t\t\t<\/div>\n\t\t<\/div>\n\n\t<\/div>\n\n<\/div><div class=\"modula-item effect-pufrobo\" >\n\t<div class=\"modula-item-overlay\"><\/div>\n\n\t<div class=\"modula-item-content\">\n\n\t\t<a data-image-id=\"464\" role=\"button\" tabindex=\"0\" rel=\"jtg-468\" data-caption=\"\" aria-label=\"Open image in lightbox\" class=\"tile-inner modula-item-link\"><\/a><img alt=\"\" loading=\"lazy\" decoding=\"async\" class=\"pic wp-image-464\"  data-valign=\"middle\" data-halign=\"center\" alt=\"\" data-full=\"https:\/\/rivatoria-photoclub.fr\/wp-content\/uploads\/2025\/02\/unnamed-05.jpg\" title=\"unnamed 05\" crop=\"\" width=\"300\" height=\"200\" src=\"https:\/\/rivatoria-photoclub.fr\/wp-content\/uploads\/2025\/02\/unnamed-05-300x200.jpg\" data-src=\"https:\/\/rivatoria-photoclub.fr\/wp-content\/uploads\/2025\/02\/unnamed-05-300x200.jpg\" data-caption=\"\" srcset=\"https:\/\/rivatoria-photoclub.fr\/wp-content\/uploads\/2025\/02\/unnamed-05.jpg 1920w, https:\/\/rivatoria-photoclub.fr\/wp-content\/uploads\/2025\/02\/unnamed-05-300x200.jpg 300w, https:\/\/rivatoria-photoclub.fr\/wp-content\/uploads\/2025\/02\/unnamed-05-1024x683.jpg 1024w, https:\/\/rivatoria-photoclub.fr\/wp-content\/uploads\/2025\/02\/unnamed-05-768x512.jpg 768w, https:\/\/rivatoria-photoclub.fr\/wp-content\/uploads\/2025\/02\/unnamed-05-1536x1025.jpg 1536w\" sizes=\"auto, (max-width: 300px) 100vw, 300px\" \/>\n\t\t<div class=\"figc no-description\">\n\t\t\t<div class=\"figc-inner\">\n\t\t\t\t\t\t\t\t\t\t\t\t\t\t\t<\/div>\n\t\t<\/div>\n\n\t<\/div>\n\n<\/div><div class=\"modula-item effect-pufrobo\" >\n\t<div class=\"modula-item-overlay\"><\/div>\n\n\t<div class=\"modula-item-content\">\n\n\t\t<a data-image-id=\"463\" role=\"button\" tabindex=\"0\" rel=\"jtg-468\" data-caption=\"\" aria-label=\"Open image in lightbox\" class=\"tile-inner modula-item-link\"><\/a><img alt=\"\" loading=\"lazy\" decoding=\"async\" class=\"pic wp-image-463\"  data-valign=\"middle\" data-halign=\"center\" alt=\"\" data-full=\"https:\/\/rivatoria-photoclub.fr\/wp-content\/uploads\/2025\/02\/unnamed-04.jpg\" title=\"unnamed 04\" crop=\"\" width=\"300\" height=\"225\" src=\"https:\/\/rivatoria-photoclub.fr\/wp-content\/uploads\/2025\/02\/unnamed-04-300x225.jpg\" data-src=\"https:\/\/rivatoria-photoclub.fr\/wp-content\/uploads\/2025\/02\/unnamed-04-300x225.jpg\" data-caption=\"\" srcset=\"https:\/\/rivatoria-photoclub.fr\/wp-content\/uploads\/2025\/02\/unnamed-04.jpg 1280w, https:\/\/rivatoria-photoclub.fr\/wp-content\/uploads\/2025\/02\/unnamed-04-300x225.jpg 300w, https:\/\/rivatoria-photoclub.fr\/wp-content\/uploads\/2025\/02\/unnamed-04-1024x768.jpg 1024w, https:\/\/rivatoria-photoclub.fr\/wp-content\/uploads\/2025\/02\/unnamed-04-768x576.jpg 768w\" sizes=\"auto, (max-width: 300px) 100vw, 300px\" \/>\n\t\t<div class=\"figc no-description\">\n\t\t\t<div class=\"figc-inner\">\n\t\t\t\t\t\t\t\t\t\t\t\t\t\t\t<\/div>\n\t\t<\/div>\n\n\t<\/div>\n\n<\/div><div class=\"modula-item effect-pufrobo\" >\n\t<div class=\"modula-item-overlay\"><\/div>\n\n\t<div class=\"modula-item-content\">\n\n\t\t<a data-image-id=\"462\" role=\"button\" tabindex=\"0\" rel=\"jtg-468\" data-caption=\"\" aria-label=\"Open image in lightbox\" class=\"tile-inner modula-item-link\"><\/a><img alt=\"\" loading=\"lazy\" decoding=\"async\" class=\"pic wp-image-462\"  data-valign=\"middle\" data-halign=\"center\" alt=\"\" data-full=\"https:\/\/rivatoria-photoclub.fr\/wp-content\/uploads\/2025\/02\/unnamed-03.jpg\" title=\"unnamed 03\" crop=\"\" width=\"300\" height=\"200\" src=\"https:\/\/rivatoria-photoclub.fr\/wp-content\/uploads\/2025\/02\/unnamed-03-300x200.jpg\" data-src=\"https:\/\/rivatoria-photoclub.fr\/wp-content\/uploads\/2025\/02\/unnamed-03-300x200.jpg\" data-caption=\"\" srcset=\"https:\/\/rivatoria-photoclub.fr\/wp-content\/uploads\/2025\/02\/unnamed-03.jpg 1280w, https:\/\/rivatoria-photoclub.fr\/wp-content\/uploads\/2025\/02\/unnamed-03-300x200.jpg 300w, https:\/\/rivatoria-photoclub.fr\/wp-content\/uploads\/2025\/02\/unnamed-03-1024x682.jpg 1024w, https:\/\/rivatoria-photoclub.fr\/wp-content\/uploads\/2025\/02\/unnamed-03-768x512.jpg 768w\" sizes=\"auto, (max-width: 300px) 100vw, 300px\" \/>\n\t\t<div class=\"figc no-description\">\n\t\t\t<div class=\"figc-inner\">\n\t\t\t\t\t\t\t\t\t\t\t\t\t\t\t<\/div>\n\t\t<\/div>\n\n\t<\/div>\n\n<\/div>\t\t\n\t<\/div>\n\n\t\n\t\n\t<script type=\"application\/ld+json\">\n\t{\n\t\t\"@context\": \"http:\/\/schema.org\",\n\t\t\"@type\"   : \"ImageGallery\",\n\t\t\"id\"      : \"https:\/\/rivatoria-photoclub.fr\/index.php\/lionel-dumas\/\",\n\t\t\"url\"     : \"https:\/\/rivatoria-photoclub.fr\/index.php\/lionel-dumas\/\"\n\t}\n\n\t<\/script>\n\n\t\n<\/div>\n\n\n\n\n<p><span style=\"font-weight: 400;\">Photographe autodidacte, j\u2019ai d\u00e9but\u00e9 la photo \u00e0 l\u2019\u00e2ge de 13 ans avec un Kodak Disk.<\/span><\/p>\n<p><span style=\"font-weight: 400;\">Il y a 25 ans j\u2019ai commenc\u00e9 les photos de danse classique pour l\u2019\u00e9cole de danse o\u00f9 ma femme \u00e9tait \u00e9l\u00e8ve, et je photographie toujours les spectacles de fin d\u2019ann\u00e9e pour cette \u00e9cole.<\/span><\/p>\n<p><span style=\"font-weight: 400;\">J\u2019aime la proxi-photo, les photos de spectacle et les portraits.<\/span><\/p>\n<p><a href=\"https:\/\/www.facebook.com\/lionel.dumas.94\" target=\"_blank\" rel=\"noopener\"><img alt=\"\" loading=\"lazy\" decoding=\"async\" class=\"alignnone wp-image-99\" src=\"https:\/\/rivatoria-photoclub.fr\/wp-content\/uploads\/2025\/01\/FB-292x300.png\" alt=\"\" width=\"60\" height=\"62\" srcset=\"https:\/\/rivatoria-photoclub.fr\/wp-content\/uploads\/2025\/01\/FB-292x300.png 292w, https:\/\/rivatoria-photoclub.fr\/wp-content\/uploads\/2025\/01\/FB.png 583w\" sizes=\"auto, (max-width: 60px) 100vw, 60px\" \/><\/a>\u00a0 \u00a0 \u00a0 \u00a0 \u00a0 <a href=\"https:\/\/www.instagram.com\/lioneldumas69\/\" target=\"_blank\" rel=\"noopener\"><img alt=\"\" loading=\"lazy\" decoding=\"async\" class=\"alignnone  wp-image-98\" src=\"https:\/\/rivatoria-photoclub.fr\/wp-content\/uploads\/2025\/01\/INSTA-150x150.png\" alt=\"\" width=\"64\" height=\"64\" \/><\/a>\u00a0 \u00a0 \u00a0 \u00a0<\/p>\n","protected":false},"excerpt":{"rendered":"<p>Photographe autodidacte, j\u2019ai d\u00e9but\u00e9 la photo \u00e0 l\u2019\u00e2ge de 13 ans avec un Kodak Disk. Il&hellip;<\/p>\n","protected":false},"author":1,"featured_media":0,"parent":0,"menu_order":0,"comment_status":"closed","ping_status":"closed","template":"","meta":{"_seopress_robots_primary_cat":"","_seopress_titles_title":"","_seopress_titles_desc":"","_seopress_robots_index":"","_crdt_document":"","footnotes":""},"class_list":["post-214","page","type-page","status-publish","hentry"],"_links":{"self":[{"href":"https:\/\/rivatoria-photoclub.fr\/index.php\/wp-json\/wp\/v2\/pages\/214","targetHints":{"allow":["GET"]}}],"collection":[{"href":"https:\/\/rivatoria-photoclub.fr\/index.php\/wp-json\/wp\/v2\/pages"}],"about":[{"href":"https:\/\/rivatoria-photoclub.fr\/index.php\/wp-json\/wp\/v2\/types\/page"}],"author":[{"embeddable":true,"href":"https:\/\/rivatoria-photoclub.fr\/index.php\/wp-json\/wp\/v2\/users\/1"}],"replies":[{"embeddable":true,"href":"https:\/\/rivatoria-photoclub.fr\/index.php\/wp-json\/wp\/v2\/comments?post=214"}],"version-history":[{"count":4,"href":"https:\/\/rivatoria-photoclub.fr\/index.php\/wp-json\/wp\/v2\/pages\/214\/revisions"}],"predecessor-version":[{"id":729,"href":"https:\/\/rivatoria-photoclub.fr\/index.php\/wp-json\/wp\/v2\/pages\/214\/revisions\/729"}],"wp:attachment":[{"href":"https:\/\/rivatoria-photoclub.fr\/index.php\/wp-json\/wp\/v2\/media?parent=214"}],"curies":[{"name":"wp","href":"https:\/\/api.w.org\/{rel}","templated":true}]}}