{"id":238,"date":"2025-02-03T22:47:21","date_gmt":"2025-02-03T21:47:21","guid":{"rendered":"https:\/\/rivatoria-photoclub.fr\/?page_id=238"},"modified":"2025-02-27T22:38:41","modified_gmt":"2025-02-27T21:38:41","slug":"valerie-laize","status":"publish","type":"page","link":"https:\/\/rivatoria-photoclub.fr\/index.php\/valerie-laize\/","title":{"rendered":"Val\u00e9rie LAIZE"},"content":{"rendered":"<div  id=\"jtg-575\" class=\"modula modula-gallery modula-columns\" data-config=\"{&quot;tabletHeight&quot;:800,&quot;mobileHeight&quot;:800,&quot;desktopHeight&quot;:800,&quot;enableTwitter&quot;:false,&quot;enableWhatsapp&quot;:false,&quot;enableFacebook&quot;:false,&quot;enablePinterest&quot;:false,&quot;enableLinkedin&quot;:false,&quot;enableEmail&quot;:false,&quot;randomFactor&quot;:0.5,&quot;type&quot;:&quot;grid&quot;,&quot;columns&quot;:12,&quot;gutter&quot;:10,&quot;mobileGutter&quot;:10,&quot;tabletGutter&quot;:10,&quot;desktopGutter&quot;:10,&quot;enableResponsive&quot;:&quot;0&quot;,&quot;tabletColumns&quot;:2,&quot;mobileColumns&quot;:1,&quot;lazyLoad&quot;:0,&quot;lightboxOpts&quot;:{&quot;animated&quot;:true,&quot;Thumbs&quot;:{&quot;type&quot;:&quot;modern&quot;,&quot;showOnStart&quot;:false},&quot;Toolbar&quot;:{&quot;display&quot;:{&quot;right&quot;:[&quot;close&quot;]},&quot;enabled&quot;:true},&quot;Carousel&quot;:{&quot;Panzoom&quot;:{&quot;touch&quot;:true},&quot;infinite&quot;:false},&quot;keyboard&quot;:{&quot;Escape&quot;:&quot;close&quot;,&quot;Delete&quot;:&quot;close&quot;,&quot;Backspace&quot;:&quot;close&quot;,&quot;PageUp&quot;:false,&quot;PageDown&quot;:false,&quot;ArrowUp&quot;:false,&quot;ArrowDown&quot;:false,&quot;ArrowRight&quot;:false,&quot;ArrowLeft&quot;:false},&quot;touch&quot;:false,&quot;backdropClick&quot;:false,&quot;l10n&quot;:{&quot;CLOSE&quot;:&quot;Close&quot;,&quot;NEXT&quot;:&quot;Next&quot;,&quot;PREV&quot;:&quot;Previous&quot;,&quot;Error&quot;:&quot;The requested content cannot be loaded. Please try again later.&quot;,&quot;PLAY_START&quot;:&quot;Start slideshow&quot;,&quot;PLAY_STOP&quot;:&quot;Pause slideshow&quot;,&quot;FULL_SCREEN&quot;:&quot;Full screen&quot;,&quot;THUMBS&quot;:&quot;Thumbnails&quot;,&quot;DOWNLOAD&quot;:&quot;Download&quot;,&quot;SHARE&quot;:&quot;Share&quot;,&quot;ZOOM&quot;:&quot;Zoom&quot;,&quot;EMAIL&quot;:&quot;Here is the link to the image : %%image_link%% and this is the link to the gallery : %%gallery_link%%&quot;,&quot;MODAL&quot;:&quot;You can close this modal content with the ESC key&quot;,&quot;ERROR&quot;:&quot;Something Went Wrong, Please Try Again Later&quot;,&quot;IMAGE_ERROR&quot;:&quot;Image Not Found&quot;,&quot;ELEMENT_NOT_FOUND&quot;:&quot;HTML Element Not Found&quot;,&quot;AJAX_NOT_FOUND&quot;:&quot;Error Loading AJAX : Not Found&quot;,&quot;AJAX_FORBIDDEN&quot;:&quot;Error Loading AJAX : Forbidden&quot;,&quot;IFRAME_ERROR&quot;:&quot;Error Loading Page&quot;,&quot;TOGGLE_ZOOM&quot;:&quot;Toggle zoom level&quot;,&quot;TOGGLE_THUMBS&quot;:&quot;Toggle thumbnails&quot;,&quot;TOGGLE_SLIDESHOW&quot;:&quot;Toggle slideshow&quot;,&quot;TOGGLE_FULLSCREEN&quot;:&quot;Toggle full-screen mode&quot;},&quot;Images&quot;:{&quot;Panzoom&quot;:{&quot;maxScale&quot;:2}},&quot;mainClass&quot;:&quot;modula-fancybox-container modula-lightbox-jtg-575&quot;,&quot;Html&quot;:{&quot;videoAutoplay&quot;:0,&quot;videoTpl&quot;:&quot;&lt;video class=\\&quot;fancybox__html5video\\&quot; controls muted playsinline controlsList controlsList=\\&quot;nodownload\\&quot; poster=\\&quot;{{poster}}\\&quot; src=\\&quot;{{src}}\\&quot; type=\\&quot;{{format}}\\&quot; &gt;  Sorry, your browser doesn&#039;t support embedded videos, &lt;a href=\\&quot;{{src}}\\&quot;&gt; download &lt;\\\/a&gt; and watch with your favorite video player! &lt;\\\/video&gt;&quot;}},&quot;inView&quot;:false,&quot;email_subject&quot;:&quot;Check out this awesome image !!&quot;,&quot;email_message&quot;:&quot;Here is the link to the image : %%image_link%% and this is the link to the gallery : %%gallery_link%%&quot;,&quot;grid_type&quot;:&quot;automatic&quot;,&quot;rowHeight&quot;:250,&quot;lastRow&quot;:&quot;center&quot;,&quot;lightbox&quot;:&quot;fancybox&quot;}\">\n\n\t\n\t<div  class=\"modula-items grid-gallery\">\n\t\t<div class=\"modula-item effect-pufrobo\" >\n\t<div class=\"modula-item-overlay\"><\/div>\n\n\t<div class=\"modula-item-content\">\n\n\t\t<a data-image-id=\"573\" role=\"button\" tabindex=\"0\" rel=\"jtg-575\" data-caption=\"\" aria-label=\"Open image in lightbox\" class=\"tile-inner modula-item-link\"><\/a><img alt=\"\" loading=\"lazy\" decoding=\"async\" class=\"pic wp-image-573\"  data-valign=\"middle\" data-halign=\"center\" alt=\"\" data-full=\"https:\/\/rivatoria-photoclub.fr\/wp-content\/uploads\/2025\/02\/20241029_7563-Copier.jpg\" title=\"20241029_7563 &amp;#8211; Copier\" crop=\"\" width=\"300\" height=\"200\" src=\"https:\/\/rivatoria-photoclub.fr\/wp-content\/uploads\/2025\/02\/20241029_7563-Copier-300x200.jpg\" data-src=\"https:\/\/rivatoria-photoclub.fr\/wp-content\/uploads\/2025\/02\/20241029_7563-Copier-300x200.jpg\" data-caption=\"\" srcset=\"https:\/\/rivatoria-photoclub.fr\/wp-content\/uploads\/2025\/02\/20241029_7563-Copier.jpg 1920w, https:\/\/rivatoria-photoclub.fr\/wp-content\/uploads\/2025\/02\/20241029_7563-Copier-300x200.jpg 300w, https:\/\/rivatoria-photoclub.fr\/wp-content\/uploads\/2025\/02\/20241029_7563-Copier-1024x683.jpg 1024w, https:\/\/rivatoria-photoclub.fr\/wp-content\/uploads\/2025\/02\/20241029_7563-Copier-768x512.jpg 768w, https:\/\/rivatoria-photoclub.fr\/wp-content\/uploads\/2025\/02\/20241029_7563-Copier-1536x1024.jpg 1536w\" sizes=\"auto, (max-width: 300px) 100vw, 300px\" \/>\n\t\t<div class=\"figc no-description\">\n\t\t\t<div class=\"figc-inner\">\n\t\t\t\t\t\t\t\t\t\t\t\t\t\t\t<\/div>\n\t\t<\/div>\n\n\t<\/div>\n\n<\/div><div class=\"modula-item effect-pufrobo\" >\n\t<div class=\"modula-item-overlay\"><\/div>\n\n\t<div class=\"modula-item-content\">\n\n\t\t<a data-image-id=\"572\" role=\"button\" tabindex=\"0\" rel=\"jtg-575\" data-caption=\"\" aria-label=\"Open image in lightbox\" class=\"tile-inner modula-item-link\"><\/a><img alt=\"\" loading=\"lazy\" decoding=\"async\" class=\"pic wp-image-572\"  data-valign=\"middle\" data-halign=\"center\" alt=\"\" data-full=\"https:\/\/rivatoria-photoclub.fr\/wp-content\/uploads\/2025\/02\/20220427_0075rr.jpg\" title=\"20220427_0075rr\" crop=\"\" width=\"300\" height=\"168\" src=\"https:\/\/rivatoria-photoclub.fr\/wp-content\/uploads\/2025\/02\/20220427_0075rr-300x168.jpg\" data-src=\"https:\/\/rivatoria-photoclub.fr\/wp-content\/uploads\/2025\/02\/20220427_0075rr-300x168.jpg\" data-caption=\"\" srcset=\"https:\/\/rivatoria-photoclub.fr\/wp-content\/uploads\/2025\/02\/20220427_0075rr.jpg 1920w, https:\/\/rivatoria-photoclub.fr\/wp-content\/uploads\/2025\/02\/20220427_0075rr-300x168.jpg 300w, https:\/\/rivatoria-photoclub.fr\/wp-content\/uploads\/2025\/02\/20220427_0075rr-1024x575.jpg 1024w, https:\/\/rivatoria-photoclub.fr\/wp-content\/uploads\/2025\/02\/20220427_0075rr-768x431.jpg 768w, https:\/\/rivatoria-photoclub.fr\/wp-content\/uploads\/2025\/02\/20220427_0075rr-1536x862.jpg 1536w\" sizes=\"auto, (max-width: 300px) 100vw, 300px\" \/>\n\t\t<div class=\"figc no-description\">\n\t\t\t<div class=\"figc-inner\">\n\t\t\t\t\t\t\t\t\t\t\t\t\t\t\t<\/div>\n\t\t<\/div>\n\n\t<\/div>\n\n<\/div><div class=\"modula-item effect-pufrobo\" >\n\t<div class=\"modula-item-overlay\"><\/div>\n\n\t<div class=\"modula-item-content\">\n\n\t\t<a data-image-id=\"571\" role=\"button\" tabindex=\"0\" rel=\"jtg-575\" data-caption=\"\" aria-label=\"Open image in lightbox\" class=\"tile-inner modula-item-link\"><\/a><img alt=\"\" loading=\"lazy\" decoding=\"async\" class=\"pic wp-image-571\"  data-valign=\"middle\" data-halign=\"center\" alt=\"\" data-full=\"https:\/\/rivatoria-photoclub.fr\/wp-content\/uploads\/2025\/02\/20210514_0042Rrr.jpg\" title=\"20210514_0042Rrr\" crop=\"\" width=\"300\" height=\"200\" src=\"https:\/\/rivatoria-photoclub.fr\/wp-content\/uploads\/2025\/02\/20210514_0042Rrr-300x200.jpg\" data-src=\"https:\/\/rivatoria-photoclub.fr\/wp-content\/uploads\/2025\/02\/20210514_0042Rrr-300x200.jpg\" data-caption=\"\" srcset=\"https:\/\/rivatoria-photoclub.fr\/wp-content\/uploads\/2025\/02\/20210514_0042Rrr.jpg 1920w, https:\/\/rivatoria-photoclub.fr\/wp-content\/uploads\/2025\/02\/20210514_0042Rrr-300x200.jpg 300w, https:\/\/rivatoria-photoclub.fr\/wp-content\/uploads\/2025\/02\/20210514_0042Rrr-1024x683.jpg 1024w, https:\/\/rivatoria-photoclub.fr\/wp-content\/uploads\/2025\/02\/20210514_0042Rrr-768x512.jpg 768w, https:\/\/rivatoria-photoclub.fr\/wp-content\/uploads\/2025\/02\/20210514_0042Rrr-1536x1024.jpg 1536w\" sizes=\"auto, (max-width: 300px) 100vw, 300px\" \/>\n\t\t<div class=\"figc no-description\">\n\t\t\t<div class=\"figc-inner\">\n\t\t\t\t\t\t\t\t\t\t\t\t\t\t\t<\/div>\n\t\t<\/div>\n\n\t<\/div>\n\n<\/div><div class=\"modula-item effect-pufrobo\" >\n\t<div class=\"modula-item-overlay\"><\/div>\n\n\t<div class=\"modula-item-content\">\n\n\t\t<a data-image-id=\"570\" role=\"button\" tabindex=\"0\" rel=\"jtg-575\" data-caption=\"\" aria-label=\"Open image in lightbox\" class=\"tile-inner modula-item-link\"><\/a><img alt=\"\" loading=\"lazy\" decoding=\"async\" class=\"pic wp-image-570\"  data-valign=\"middle\" data-halign=\"center\" alt=\"\" data-full=\"https:\/\/rivatoria-photoclub.fr\/wp-content\/uploads\/2025\/02\/20210419_0203rvrecr.jpg\" title=\"20210419_0203rvrecr\" crop=\"\" width=\"200\" height=\"300\" src=\"https:\/\/rivatoria-photoclub.fr\/wp-content\/uploads\/2025\/02\/20210419_0203rvrecr-200x300.jpg\" data-src=\"https:\/\/rivatoria-photoclub.fr\/wp-content\/uploads\/2025\/02\/20210419_0203rvrecr-200x300.jpg\" data-caption=\"\" srcset=\"https:\/\/rivatoria-photoclub.fr\/wp-content\/uploads\/2025\/02\/20210419_0203rvrecr.jpg 1279w, https:\/\/rivatoria-photoclub.fr\/wp-content\/uploads\/2025\/02\/20210419_0203rvrecr-200x300.jpg 200w, https:\/\/rivatoria-photoclub.fr\/wp-content\/uploads\/2025\/02\/20210419_0203rvrecr-682x1024.jpg 682w, https:\/\/rivatoria-photoclub.fr\/wp-content\/uploads\/2025\/02\/20210419_0203rvrecr-768x1153.jpg 768w, https:\/\/rivatoria-photoclub.fr\/wp-content\/uploads\/2025\/02\/20210419_0203rvrecr-1023x1536.jpg 1023w\" sizes=\"auto, (max-width: 200px) 100vw, 200px\" \/>\n\t\t<div class=\"figc no-description\">\n\t\t\t<div class=\"figc-inner\">\n\t\t\t\t\t\t\t\t\t\t\t\t\t\t\t<\/div>\n\t\t<\/div>\n\n\t<\/div>\n\n<\/div><div class=\"modula-item effect-pufrobo\" >\n\t<div class=\"modula-item-overlay\"><\/div>\n\n\t<div class=\"modula-item-content\">\n\n\t\t<a data-image-id=\"569\" role=\"button\" tabindex=\"0\" rel=\"jtg-575\" data-caption=\"\" aria-label=\"Open image in lightbox\" class=\"tile-inner modula-item-link\"><\/a><img alt=\"\" loading=\"lazy\" decoding=\"async\" class=\"pic wp-image-569\"  data-valign=\"middle\" data-halign=\"center\" alt=\"\" data-full=\"https:\/\/rivatoria-photoclub.fr\/wp-content\/uploads\/2025\/02\/20191027_0366r.jpg\" title=\"20191027_0366r\" crop=\"\" width=\"300\" height=\"200\" src=\"https:\/\/rivatoria-photoclub.fr\/wp-content\/uploads\/2025\/02\/20191027_0366r-300x200.jpg\" data-src=\"https:\/\/rivatoria-photoclub.fr\/wp-content\/uploads\/2025\/02\/20191027_0366r-300x200.jpg\" data-caption=\"\" srcset=\"https:\/\/rivatoria-photoclub.fr\/wp-content\/uploads\/2025\/02\/20191027_0366r.jpg 1920w, https:\/\/rivatoria-photoclub.fr\/wp-content\/uploads\/2025\/02\/20191027_0366r-300x200.jpg 300w, https:\/\/rivatoria-photoclub.fr\/wp-content\/uploads\/2025\/02\/20191027_0366r-1024x683.jpg 1024w, https:\/\/rivatoria-photoclub.fr\/wp-content\/uploads\/2025\/02\/20191027_0366r-768x512.jpg 768w, https:\/\/rivatoria-photoclub.fr\/wp-content\/uploads\/2025\/02\/20191027_0366r-1536x1024.jpg 1536w\" sizes=\"auto, (max-width: 300px) 100vw, 300px\" \/>\n\t\t<div class=\"figc no-description\">\n\t\t\t<div class=\"figc-inner\">\n\t\t\t\t\t\t\t\t\t\t\t\t\t\t\t<\/div>\n\t\t<\/div>\n\n\t<\/div>\n\n<\/div><div class=\"modula-item effect-pufrobo\" >\n\t<div class=\"modula-item-overlay\"><\/div>\n\n\t<div class=\"modula-item-content\">\n\n\t\t<a data-image-id=\"568\" role=\"button\" tabindex=\"0\" rel=\"jtg-575\" data-caption=\"\" aria-label=\"Open image in lightbox\" class=\"tile-inner modula-item-link\"><\/a><img alt=\"\" loading=\"lazy\" decoding=\"async\" class=\"pic wp-image-568\"  data-valign=\"middle\" data-halign=\"center\" alt=\"\" data-full=\"https:\/\/rivatoria-photoclub.fr\/wp-content\/uploads\/2025\/02\/1.jpg\" title=\"1\" crop=\"\" width=\"300\" height=\"300\" src=\"https:\/\/rivatoria-photoclub.fr\/wp-content\/uploads\/2025\/02\/1-300x300.jpg\" data-src=\"https:\/\/rivatoria-photoclub.fr\/wp-content\/uploads\/2025\/02\/1-300x300.jpg\" data-caption=\"\" srcset=\"https:\/\/rivatoria-photoclub.fr\/wp-content\/uploads\/2025\/02\/1.jpg 1920w, https:\/\/rivatoria-photoclub.fr\/wp-content\/uploads\/2025\/02\/1-300x300.jpg 300w, https:\/\/rivatoria-photoclub.fr\/wp-content\/uploads\/2025\/02\/1-1024x1024.jpg 1024w, https:\/\/rivatoria-photoclub.fr\/wp-content\/uploads\/2025\/02\/1-150x150.jpg 150w, https:\/\/rivatoria-photoclub.fr\/wp-content\/uploads\/2025\/02\/1-768x768.jpg 768w, https:\/\/rivatoria-photoclub.fr\/wp-content\/uploads\/2025\/02\/1-1536x1536.jpg 1536w\" sizes=\"auto, (max-width: 300px) 100vw, 300px\" \/>\n\t\t<div class=\"figc no-description\">\n\t\t\t<div class=\"figc-inner\">\n\t\t\t\t\t\t\t\t\t\t\t\t\t\t\t<\/div>\n\t\t<\/div>\n\n\t<\/div>\n\n<\/div>\t\t\n\t<\/div>\n\n\t\n\t\n\t<script type=\"application\/ld+json\">\n\t{\n\t\t\"@context\": \"http:\/\/schema.org\",\n\t\t\"@type\"   : \"ImageGallery\",\n\t\t\"id\"      : \"https:\/\/rivatoria-photoclub.fr\/index.php\/valerie-laize\/\",\n\t\t\"url\"     : \"https:\/\/rivatoria-photoclub.fr\/index.php\/valerie-laize\/\"\n\t}\n\n\t<\/script>\n\n\t\n<\/div>\n\n\n\n\n<p><span style=\"font-weight: 400;\">Val\u00e9rie Laiz\u00e9<\/span><\/p>\n<p><span style=\"font-weight: 400;\">Mon premier appareil photo r\u00e9flex m\u2019a \u00e9t\u00e9 offert pour l\u2019obtention de mon bac et d\u00e8s ce jour, j\u2019ai consid\u00e9r\u00e9 la photo comme un terrain de jeu avec les couleurs parce que la couleur, c\u2019est la vie.<\/span><\/p>\n<p><span style=\"font-weight: 400;\">Au fil du temps, s\u2019est rajout\u00e9 le jeu avec la mati\u00e8re\u00a0: murs d\u00e9cr\u00e9pis color\u00e9s, objets peints rouill\u00e9s, collisions de gouttes d\u2019eau color\u00e9es. Le graphisme pictural m\u2019int\u00e9resse \u00e9galement\u00a0: lignes, courbes, angles. A ce titre la photo par drone permet d\u2019obtenir des prises de vue \u00e9tonnantes.<\/span><\/p>\n<p><a href=\"https:\/\/www.facebook.com\/valerie.laize.9\" target=\"_blank\" rel=\"noopener\"><img alt=\"\" loading=\"lazy\" decoding=\"async\" class=\"alignnone wp-image-99\" src=\"https:\/\/rivatoria-photoclub.fr\/wp-content\/uploads\/2025\/01\/FB-292x300.png\" alt=\"\" width=\"60\" height=\"62\" srcset=\"https:\/\/rivatoria-photoclub.fr\/wp-content\/uploads\/2025\/01\/FB-292x300.png 292w, https:\/\/rivatoria-photoclub.fr\/wp-content\/uploads\/2025\/01\/FB.png 583w\" sizes=\"auto, (max-width: 60px) 100vw, 60px\" \/><\/a>\u00a0 \u00a0 \u00a0 \u00a0 \u00a0 <a href=\"https:\/\/www.instagram.com\/valerielaize\/\" target=\"_blank\" rel=\"noopener\"><img alt=\"\" loading=\"lazy\" decoding=\"async\" class=\"alignnone  wp-image-98\" src=\"https:\/\/rivatoria-photoclub.fr\/wp-content\/uploads\/2025\/01\/INSTA-150x150.png\" alt=\"\" width=\"64\" height=\"64\" \/><\/a>\u00a0 \u00a0 \u00a0 \u00a0\u00a0<\/p>\n","protected":false},"excerpt":{"rendered":"<p>Val\u00e9rie Laiz\u00e9 Mon premier appareil photo r\u00e9flex m\u2019a \u00e9t\u00e9 offert pour l\u2019obtention de mon bac et&hellip;<\/p>\n","protected":false},"author":1,"featured_media":0,"parent":0,"menu_order":0,"comment_status":"closed","ping_status":"closed","template":"","meta":{"_seopress_robots_primary_cat":"","_seopress_titles_title":"","_seopress_titles_desc":"","_seopress_robots_index":"","_crdt_document":"","footnotes":""},"class_list":["post-238","page","type-page","status-publish","hentry"],"_links":{"self":[{"href":"https:\/\/rivatoria-photoclub.fr\/index.php\/wp-json\/wp\/v2\/pages\/238","targetHints":{"allow":["GET"]}}],"collection":[{"href":"https:\/\/rivatoria-photoclub.fr\/index.php\/wp-json\/wp\/v2\/pages"}],"about":[{"href":"https:\/\/rivatoria-photoclub.fr\/index.php\/wp-json\/wp\/v2\/types\/page"}],"author":[{"embeddable":true,"href":"https:\/\/rivatoria-photoclub.fr\/index.php\/wp-json\/wp\/v2\/users\/1"}],"replies":[{"embeddable":true,"href":"https:\/\/rivatoria-photoclub.fr\/index.php\/wp-json\/wp\/v2\/comments?post=238"}],"version-history":[{"count":4,"href":"https:\/\/rivatoria-photoclub.fr\/index.php\/wp-json\/wp\/v2\/pages\/238\/revisions"}],"predecessor-version":[{"id":736,"href":"https:\/\/rivatoria-photoclub.fr\/index.php\/wp-json\/wp\/v2\/pages\/238\/revisions\/736"}],"wp:attachment":[{"href":"https:\/\/rivatoria-photoclub.fr\/index.php\/wp-json\/wp\/v2\/media?parent=238"}],"curies":[{"name":"wp","href":"https:\/\/api.w.org\/{rel}","templated":true}]}}